{"id":111,"date":"2018-08-27T08:26:43","date_gmt":"2018-08-27T08:26:43","guid":{"rendered":"http:\/\/shop.heimatgemuese-kochen.de\/?page_id=111"},"modified":"2018-08-27T08:27:55","modified_gmt":"2018-08-27T08:27:55","slug":"impressum","status":"publish","type":"page","link":"http:\/\/shop.heimatgemuese-kochen.de\/?page_id=111","title":{"rendered":"Impressum"},"content":{"rendered":"<h4>Angaben Gem\u00e4\u00df \u00a7 5 TMG<\/h4>\n<p>Sarah Greger<br \/>\nVon-der-Goltz-Stra\u00dfe 5<br \/>\n44143 Dortmund<\/p>\n<p><a href=\"mailto:hallo@heimatgemuese-kochen.de\">hallo@heimatgemuese-kochen.de<\/a><\/p>\n<h4>Verantwortlich F\u00fcr Den Inhalt Nach \u00a7 55 ABS. 2 RSTV:<\/h4>\n<p>Sarah Greger<br \/>\nVon-der-Goltz-Stra\u00dfe 5<br \/>\n44143 Dortmund<\/p>\n<h4>Urheberrecht<\/h4>\n<p>Die durch die Seitenbetreiber erstellten Inhalte und Werke auf diesen Seiten unterliegen dem deutschen Urheberrecht. Die Vervielf\u00e4ltigung, Bearbeitung, Verbreitung und jede Art der Verwertung au\u00dferhalb der Grenzen des Urheberrechtes bed\u00fcrfen der schriftlichen Zustimmung des jeweiligen Autors bzw. Erstellers. Downloads und Kopien dieser Seite sind nur f\u00fcr den privaten, nicht kommerziellen Gebrauch gestattet. Soweit die Inhalte auf dieser Seite nicht vom Betreiber erstellt wurden, werden die Urheberrechte Dritter beachtet. Insbesondere werden Inhalte Dritter als solche gekennzeichnet. Sollten Sie trotzdem auf eine Urheberrechtsverletzung aufmerksam werden, bitten wir um einen entsprechenden Hinweis. Bei Bekanntwerden von Rechtsverletzungen werden derartige Inhalte umgehend entfernt.<\/p>\n","protected":false},"excerpt":{"rendered":"<p>Angaben Gem\u00e4\u00df \u00a7 5 TMG Sarah Greger Von-der-Goltz-Stra\u00dfe 5 44143 Dortmund hallo@heimatgemuese-kochen.de Verantwortlich F\u00fcr Den Inhalt Nach \u00a7 55 ABS. 2 RSTV: Sarah Greger Von-der-Goltz-Stra\u00dfe&#8230;<\/p>\n<div class=\"more-link-wrapper\"><a class=\"more-link\" href=\"http:\/\/shop.heimatgemuese-kochen.de\/?page_id=111\">mehr<span class=\"screen-reader-text\">Impressum<\/span><\/a><\/div>\n","protected":false},"author":1,"featured_media":0,"parent":0,"menu_order":0,"comment_status":"closed","ping_status":"closed","template":"","meta":[],"_links":{"self":[{"href":"http:\/\/shop.heimatgemuese-kochen.de\/index.php?rest_route=\/wp\/v2\/pages\/111"}],"collection":[{"href":"http:\/\/shop.heimatgemuese-kochen.de\/index.php?rest_route=\/wp\/v2\/pages"}],"about":[{"href":"http:\/\/shop.heimatgemuese-kochen.de\/index.php?rest_route=\/wp\/v2\/types\/page"}],"author":[{"embeddable":true,"href":"http:\/\/shop.heimatgemuese-kochen.de\/index.php?rest_route=\/wp\/v2\/users\/1"}],"replies":[{"embeddable":true,"href":"http:\/\/shop.heimatgemuese-kochen.de\/index.php?rest_route=%2Fwp%2Fv2%2Fcomments&post=111"}],"version-history":[{"count":2,"href":"http:\/\/shop.heimatgemuese-kochen.de\/index.php?rest_route=\/wp\/v2\/pages\/111\/revisions"}],"predecessor-version":[{"id":118,"href":"http:\/\/shop.heimatgemuese-kochen.de\/index.php?rest_route=\/wp\/v2\/pages\/111\/revisions\/118"}],"wp:attachment":[{"href":"http:\/\/shop.heimatgemuese-kochen.de\/index.php?rest_route=%2Fwp%2Fv2%2Fmedia&parent=111"}],"curies":[{"name":"wp","href":"https:\/\/api.w.org\/{rel}","templated":true}]}}