{"id":112,"date":"2018-08-27T08:26:43","date_gmt":"2018-08-27T08:26:43","guid":{"rendered":"http:\/\/shop.heimatgemuese-kochen.de\/?page_id=112"},"modified":"2018-08-27T08:28:51","modified_gmt":"2018-08-27T08:28:51","slug":"datenschutz","status":"publish","type":"page","link":"http:\/\/shop.heimatgemuese-kochen.de\/?page_id=112","title":{"rendered":"Datenschutz"},"content":{"rendered":"<p>Wir freuen uns, dass Sie unsere Website besuchen und bedanken uns f\u00fcr Ihr Interesse an unserem Unternehmen. Es ist uns sehr wichtig, verantwortungsvoll mit Ihren pers\u00f6nlichen Daten umzugehen. Die Beachtung der Datenschutzbestimmungen bei der Verwendung Ihrer personenbezogenen Daten ist f\u00fcr uns daher eine Selbstverst\u00e4ndlichkeit. Wir wollen, dass Ihr Besuch auf unserer Website sicher ist und Sie sich wohl f\u00fchlen.<\/p>\n<h4>Datenschutz<\/h4>\n<p>Die Nutzung unserer Seite ist ohne eine Angabe von personenbezogenen Daten m\u00f6glich. F\u00fcr die Nutzung einzelner Services unserer Seite k\u00f6nnen sich hierf\u00fcr abweichende Regelungen ergeben, die in diesem Falle nachstehend gesondert erl\u00e4utert werden. Ihre personenbezogenen Daten (z.B. Name, Anschrift, E-Mail, Telefonnummer, u.\u00e4.) werden von uns nur gem\u00e4\u00df den Bestimmungen des deutschen Datenschutzrechts verarbeitet. Daten sind dann personenbezogen, wenn sie eindeutig einer bestimmten nat\u00fcrlichen Person zugeordnet werden k\u00f6nnen. Die rechtlichen Grundlagen des Datenschutzes finden Sie im Bundesdatenschutzgesetz (BDSG) und dem Telemediengesetz (TMG). Nachstehende Regelungen informieren Sie insoweit \u00fcber die Art, den Umfang und Zweck der Erhebung, die Nutzung und die Verarbeitung von personenbezogenen Daten durch den Anbieter.<\/p>\n<h4>Kontakt<\/h4>\n<p>Auf unserer Website bieten wir Ihnen die M\u00f6glichkeit, mit uns per E-Mail in Verbindung zu treten. In diesem Fall werden die vom Nutzer gemachten Angaben zum Zwecke der Bearbeitung seiner Kontaktaufnahme gespeichert. Eine Weitergabe an Dritte erfolgt nicht. Ein Abgleich der so erhobenen Daten mit Daten, die m\u00f6glicherweise durch andere Komponenten unserer Seite erhoben werden, erfolgt ebenfalls nicht.<\/p>\n<h4>Einbindung von Diensten und Inhalten Dritter<\/h4>\n<p>Es kann vorkommen, dass innerhalb dieses Onlineangebotes Inhalte Dritter, wie zum Beispiel Videos von YouTube, Kartenmaterial von Google-Maps, Google Fonts, RSS-Feeds oder Grafiken von anderen Webseiten eingebunden werden. Dies setzt immer voraus, dass die Anbieter dieser Inhalte (nachfolgend bezeichnet als \u201eDritt-Anbieter\u201c) die IP-Adresse der Nutzer wahrnehmen. Denn ohne die IP-Adresse, k\u00f6nnten sie die Inhalte nicht an den Browser des jeweiligen Nutzers senden. Die IP-Adresse ist damit f\u00fcr die Darstellung dieser Inhalte erforderlich. Wir bem\u00fchen uns nur solche Inhalte zu verwenden, deren jeweilige Anbieter die IP-Adresse lediglich zur Auslieferung der Inhalte verwenden. Jedoch haben wir keinen Einfluss darauf, falls die Dritt-Anbieter die IP-Adresse z.B. f\u00fcr statistische Zwecke speichern. Soweit dies uns bekannt ist, kl\u00e4ren wir die Nutzer dar\u00fcber auf.<\/p>\n<h4>Count per Day<\/h4>\n<p>Diese Website benutzt die Count per Day Statistik. Das WordPress Plugin \u201eCount per Day\u201c speichert sogenannte \u201eCookies\u201c auf Ihrem Computer, die eine Auswertung Ihrer Nutzung dieser Website erm\u00f6glichen. Die durch den Cookie dabei anfallenden Daten \u00fcber Ihre Nutzung der Website werden anonymisiert an einen Server von Count per Day in den USA \u00fcbertragen und dort gespeichert. Die Daten sind so anonymisiert, dass sie nicht mehr einem Anschluss zuzuordnen sind. Die anfallenden Daten werden durch Count per Day\u00a0 gegebenenfalls an Dritte \u00fcbertragen, sofern dies gesetzlich vorgeschrieben ist, oder sofern Count per Day die Daten durch Dritte verarbeiten l\u00e4sst. In keinem Fall wird Ihre IP-Adresse mit anderen Daten von Count per Day in Verbindung gebracht. Die Installation des Cookies k\u00f6nnen Sie durch die entsprechenden Einstellungen in Ihrem Webbrowser unterbinden.<br \/>\nDurch die Nutzung dieser Website erkl\u00e4ren Sie sich mit beschriebenen der Bearbeitung der \u00fcber Sie erhobenen Daten durch Count per Day einverstanden.<br \/>\nIndem Sie mir dies mitteilen, k\u00f6nnen der Erhebung der Daten durch Count per Day-Statistik widersprechen.<\/p>\n<h4>Auskunft\/Widerruf\/L\u00f6schung<\/h4>\n<p>Sie k\u00f6nnen sich aufgrund des Bundesdatenschutzgesetzes bei Fragen zur Erhebung, Verarbeitung oder Nutzung Ihrer personenbezogenen Daten und deren Berichtigung, Sperrung, L\u00f6schung oder einem Widerruf einer erteilten Einwilligung unentgeltlich an uns wenden. Wir weisen darauf hin, dass Ihnen ein Recht auf Berichtigung falscher Daten oder L\u00f6schung personenbezogener Daten zusteht, sollte diesem Anspruch keine gesetzliche Aufbewahrungspflicht entgegenstehen.<\/p>\n<p>Wir behalten uns das Recht vor, diese Datenschutzbestimmungen jederzeit unter Beachtung der jeweils geltenden datenschutzrechtlichen Bestimmungen zu \u00e4ndern.<\/p>\n","protected":false},"excerpt":{"rendered":"<p>Wir freuen uns, dass Sie unsere Website besuchen und bedanken uns f\u00fcr Ihr Interesse an unserem Unternehmen. Es ist uns sehr wichtig, verantwortungsvoll mit Ihren&#8230;<\/p>\n<div class=\"more-link-wrapper\"><a class=\"more-link\" href=\"http:\/\/shop.heimatgemuese-kochen.de\/?page_id=112\">mehr<span class=\"screen-reader-text\">Datenschutz<\/span><\/a><\/div>\n","protected":false},"author":1,"featured_media":0,"parent":0,"menu_order":0,"comment_status":"closed","ping_status":"closed","template":"","meta":[],"_links":{"self":[{"href":"http:\/\/shop.heimatgemuese-kochen.de\/index.php?rest_route=\/wp\/v2\/pages\/112"}],"collection":[{"href":"http:\/\/shop.heimatgemuese-kochen.de\/index.php?rest_route=\/wp\/v2\/pages"}],"about":[{"href":"http:\/\/shop.heimatgemuese-kochen.de\/index.php?rest_route=\/wp\/v2\/types\/page"}],"author":[{"embeddable":true,"href":"http:\/\/shop.heimatgemuese-kochen.de\/index.php?rest_route=\/wp\/v2\/users\/1"}],"replies":[{"embeddable":true,"href":"http:\/\/shop.heimatgemuese-kochen.de\/index.php?rest_route=%2Fwp%2Fv2%2Fcomments&post=112"}],"version-history":[{"count":2,"href":"http:\/\/shop.heimatgemuese-kochen.de\/index.php?rest_route=\/wp\/v2\/pages\/112\/revisions"}],"predecessor-version":[{"id":119,"href":"http:\/\/shop.heimatgemuese-kochen.de\/index.php?rest_route=\/wp\/v2\/pages\/112\/revisions\/119"}],"wp:attachment":[{"href":"http:\/\/shop.heimatgemuese-kochen.de\/index.php?rest_route=%2Fwp%2Fv2%2Fmedia&parent=112"}],"curies":[{"name":"wp","href":"https:\/\/api.w.org\/{rel}","templated":true}]}}